{"id":10,"date":"2025-06-16T15:13:13","date_gmt":"2025-06-16T15:13:13","guid":{"rendered":"https:\/\/www.ucateci.edu.do\/onesalud\/?page_id=10"},"modified":"2025-06-16T15:13:13","modified_gmt":"2025-06-16T15:13:13","slug":"inicio","status":"publish","type":"page","link":"https:\/\/www.ucateci.edu.do\/onesalud\/","title":{"rendered":"Inicio"},"content":{"rendered":"\n<p>\u00a1Bienvenido a tu sitio! Esta es tu p\u00e1gina de inicio, que es la que la mayor\u00eda de visitantes ver\u00e1n cuando vengan a tu sitio por primera vez.<\/p>\n","protected":false},"excerpt":{"rendered":"<p>\u00a1Bienvenido a tu sitio! Esta es tu p\u00e1gina de inicio, que es la que la mayor\u00eda de visitantes ver\u00e1n cuando vengan a tu sitio por primera vez.<\/p>\n","protected":false},"author":1,"featured_media":0,"parent":0,"menu_order":0,"comment_status":"closed","ping_status":"closed","template":"","meta":{"footnotes":""},"categories":[],"tags":[],"class_list":["post-10","page","type-page","status-publish","hentry"],"yoast_head":"<!-- This site is optimized with the Yoast SEO plugin v25.3 - https:\/\/yoast.com\/wordpress\/plugins\/seo\/ -->\n<title>Inicio - BOLET\u00cdN UNA SALUD-UCATECI<\/title>\n<meta name=\"robots\" content=\"index, follow, max-snippet:-1, max-image-preview:large, max-video-preview:-1\" \/>\n<link rel=\"canonical\" href=\"https:\/\/www.ucateci.edu.do\/onesalud\/\" \/>\n<meta property=\"og:locale\" content=\"es_MX\" \/>\n<meta property=\"og:type\" content=\"article\" \/>\n<meta property=\"og:title\" content=\"Inicio - BOLET\u00cdN UNA SALUD-UCATECI\" \/>\n<meta property=\"og:description\" content=\"\u00a1Bienvenido a tu sitio! Esta es tu p\u00e1gina de inicio, que es la que la mayor\u00eda de visitantes ver\u00e1n cuando vengan a tu sitio por primera vez.\" \/>\n<meta property=\"og:url\" content=\"https:\/\/www.ucateci.edu.do\/onesalud\/\" \/>\n<meta property=\"og:site_name\" content=\"BOLET\u00cdN UNA SALUD-UCATECI\" \/>\n<meta name=\"twitter:card\" content=\"summary_large_image\" \/>\n<script type=\"application\/ld+json\" class=\"yoast-schema-graph\">{\"@context\":\"https:\/\/schema.org\",\"@graph\":[{\"@type\":\"WebPage\",\"@id\":\"https:\/\/www.ucateci.edu.do\/onesalud\/\",\"url\":\"https:\/\/www.ucateci.edu.do\/onesalud\/\",\"name\":\"Inicio - BOLET\u00cdN UNA SALUD-UCATECI\",\"isPartOf\":{\"@id\":\"https:\/\/www.ucateci.edu.do\/onesalud\/#website\"},\"datePublished\":\"2025-06-16T15:13:13+00:00\",\"breadcrumb\":{\"@id\":\"https:\/\/www.ucateci.edu.do\/onesalud\/#breadcrumb\"},\"inLanguage\":\"es\",\"potentialAction\":[{\"@type\":\"ReadAction\",\"target\":[\"https:\/\/www.ucateci.edu.do\/onesalud\/\"]}]},{\"@type\":\"BreadcrumbList\",\"@id\":\"https:\/\/www.ucateci.edu.do\/onesalud\/#breadcrumb\",\"itemListElement\":[{\"@type\":\"ListItem\",\"position\":1,\"name\":\"Inicio\",\"item\":\"https:\/\/www.ucateci.edu.do\/onesalud\/\"},{\"@type\":\"ListItem\",\"position\":2,\"name\":\"Inicio\"}]},{\"@type\":\"WebSite\",\"@id\":\"https:\/\/www.ucateci.edu.do\/onesalud\/#website\",\"url\":\"https:\/\/www.ucateci.edu.do\/onesalud\/\",\"name\":\"BOLET\u00cdN UNA SALUD-UCATECI\",\"description\":\"\",\"potentialAction\":[{\"@type\":\"SearchAction\",\"target\":{\"@type\":\"EntryPoint\",\"urlTemplate\":\"https:\/\/www.ucateci.edu.do\/onesalud\/?s={search_term_string}\"},\"query-input\":{\"@type\":\"PropertyValueSpecification\",\"valueRequired\":true,\"valueName\":\"search_term_string\"}}],\"inLanguage\":\"es\"}]}<\/script>\n<!-- \/ Yoast SEO plugin. -->","yoast_head_json":{"title":"Inicio - BOLET\u00cdN UNA SALUD-UCATECI","robots":{"index":"index","follow":"follow","max-snippet":"max-snippet:-1","max-image-preview":"max-image-preview:large","max-video-preview":"max-video-preview:-1"},"canonical":"https:\/\/www.ucateci.edu.do\/onesalud\/","og_locale":"es_MX","og_type":"article","og_title":"Inicio - BOLET\u00cdN UNA SALUD-UCATECI","og_description":"\u00a1Bienvenido a tu sitio! Esta es tu p\u00e1gina de inicio, que es la que la mayor\u00eda de visitantes ver\u00e1n cuando vengan a tu sitio por primera vez.","og_url":"https:\/\/www.ucateci.edu.do\/onesalud\/","og_site_name":"BOLET\u00cdN UNA SALUD-UCATECI","twitter_card":"summary_large_image","schema":{"@context":"https:\/\/schema.org","@graph":[{"@type":"WebPage","@id":"https:\/\/www.ucateci.edu.do\/onesalud\/","url":"https:\/\/www.ucateci.edu.do\/onesalud\/","name":"Inicio - BOLET\u00cdN UNA SALUD-UCATECI","isPartOf":{"@id":"https:\/\/www.ucateci.edu.do\/onesalud\/#website"},"datePublished":"2025-06-16T15:13:13+00:00","breadcrumb":{"@id":"https:\/\/www.ucateci.edu.do\/onesalud\/#breadcrumb"},"inLanguage":"es","potentialAction":[{"@type":"ReadAction","target":["https:\/\/www.ucateci.edu.do\/onesalud\/"]}]},{"@type":"BreadcrumbList","@id":"https:\/\/www.ucateci.edu.do\/onesalud\/#breadcrumb","itemListElement":[{"@type":"ListItem","position":1,"name":"Inicio","item":"https:\/\/www.ucateci.edu.do\/onesalud\/"},{"@type":"ListItem","position":2,"name":"Inicio"}]},{"@type":"WebSite","@id":"https:\/\/www.ucateci.edu.do\/onesalud\/#website","url":"https:\/\/www.ucateci.edu.do\/onesalud\/","name":"BOLET\u00cdN UNA SALUD-UCATECI","description":"","potentialAction":[{"@type":"SearchAction","target":{"@type":"EntryPoint","urlTemplate":"https:\/\/www.ucateci.edu.do\/onesalud\/?s={search_term_string}"},"query-input":{"@type":"PropertyValueSpecification","valueRequired":true,"valueName":"search_term_string"}}],"inLanguage":"es"}]}},"rttpg_featured_image_url":null,"rttpg_author":{"display_name":false,"author_link":"https:\/\/www.ucateci.edu.do\/onesalud\/author\/onesalud\/"},"rttpg_comment":0,"rttpg_category":false,"rttpg_excerpt":"\u00a1Bienvenido a tu sitio! Esta es tu p\u00e1gina de inicio, que es la que la mayor\u00eda de visitantes ver\u00e1n cuando vengan a tu sitio por primera vez.","_links":{"self":[{"href":"https:\/\/www.ucateci.edu.do\/onesalud\/wp-json\/wp\/v2\/pages\/10","targetHints":{"allow":["GET"]}}],"collection":[{"href":"https:\/\/www.ucateci.edu.do\/onesalud\/wp-json\/wp\/v2\/pages"}],"about":[{"href":"https:\/\/www.ucateci.edu.do\/onesalud\/wp-json\/wp\/v2\/types\/page"}],"author":[{"embeddable":true,"href":"https:\/\/www.ucateci.edu.do\/onesalud\/wp-json\/wp\/v2\/users\/1"}],"replies":[{"embeddable":true,"href":"https:\/\/www.ucateci.edu.do\/onesalud\/wp-json\/wp\/v2\/comments?post=10"}],"version-history":[{"count":1,"href":"https:\/\/www.ucateci.edu.do\/onesalud\/wp-json\/wp\/v2\/pages\/10\/revisions"}],"predecessor-version":[{"id":13,"href":"https:\/\/www.ucateci.edu.do\/onesalud\/wp-json\/wp\/v2\/pages\/10\/revisions\/13"}],"wp:attachment":[{"href":"https:\/\/www.ucateci.edu.do\/onesalud\/wp-json\/wp\/v2\/media?parent=10"}],"wp:term":[{"taxonomy":"category","embeddable":true,"href":"https:\/\/www.ucateci.edu.do\/onesalud\/wp-json\/wp\/v2\/categories?post=10"},{"taxonomy":"post_tag","embeddable":true,"href":"https:\/\/www.ucateci.edu.do\/onesalud\/wp-json\/wp\/v2\/tags?post=10"}],"curies":[{"name":"wp","href":"https:\/\/api.w.org\/{rel}","templated":true}]}}