{"id":123,"date":"2025-06-25T20:42:50","date_gmt":"2025-06-25T20:42:50","guid":{"rendered":"https:\/\/www.ucateci.edu.do\/onesalud\/?page_id=123"},"modified":"2025-09-02T18:14:40","modified_gmt":"2025-09-02T18:14:40","slug":"boletines","status":"publish","type":"page","link":"https:\/\/www.ucateci.edu.do\/onesalud\/boletines\/","title":{"rendered":"Boletines"},"content":{"rendered":"\t\t<div data-elementor-type=\"wp-page\" data-elementor-id=\"123\" class=\"elementor elementor-123\">\n\t\t\t\t<div class=\"elementor-element elementor-element-4e46d4aa e-flex e-con-boxed e-con e-parent\" data-id=\"4e46d4aa\" data-element_type=\"container\">\n\t\t\t\t\t<div class=\"e-con-inner\">\n\t\t\t\t<div class=\"elementor-element elementor-element-691c848c elementor-widget elementor-widget-text-editor\" data-id=\"691c848c\" data-element_type=\"widget\" data-widget_type=\"text-editor.default\">\n\t\t\t\t<div class=\"elementor-widget-container\">\n\t\t\t\t\t\t\t\t\t<p style=\"text-align: left;\">Les damos la bienvenida a esta edici\u00f3n de nuestro bolet\u00edn bianual, un espacio dedicado a compartir los principales avances, iniciativas y buenas pr\u00e1cticas en el \u00e1mbito de la salud. Cada publicaci\u00f3n re\u00fane informaci\u00f3n clave sobre prevenci\u00f3n, promoci\u00f3n, vigilancia epidemiol\u00f3gica y otros temas prioritarios que reflejan nuestro compromiso con el bienestar integral de la poblaci\u00f3n.<\/p>\n<p><!-- \/wp:paragraph --><!-- wp:paragraph --><\/p>\n<p>Agradecemos su inter\u00e9s y participaci\u00f3n activa en la construcci\u00f3n de una salud m\u00e1s integrada, equitativa y sostenible.<\/p>\n<p><a href=\"https:\/\/www.ucateci.edu.do\/onesalud\/boletin-una-salud-ucateci-volumen-1-numero-1-octubre-2024\/\"><b>Volumen 1 No. 1 Octubre 2024<\/b><\/a><\/p>\n<p style=\"letter-spacing: 0px; line-height: 0;\">\u00a0<\/p>\n<p style=\"letter-spacing: 0px; line-height: 0;\">\u00a0<\/p>\n<p style=\"letter-spacing: 0px; line-height: 0;\"><a href=\"https:\/\/www.ucateci.edu.do\/onesalud\/boletin-una-salud-ucateci-volumen-2-numero-1-abril-2025\/\"><strong>Volumen 2 No. 1. Abril 2025<\/strong><\/a><\/p>\n<p><!-- \/wp:paragraph --><!-- wp:paragraph {\"style\":{\"typography\":{\"letterSpacing\":\"0px\",\"lineHeight\":\"0\"}},\"fontSize\":\"medium\"} --><\/p>\n<p style=\"letter-spacing: 0px; line-height: 0;\">\u00a0<\/p>\n<p><!-- \/wp:paragraph --><!-- wp:paragraph --><\/p>\n<p><!-- \/wp:paragraph --><\/p>\t\t\t\t\t\t\t\t<\/div>\n\t\t\t\t<\/div>\n\t\t\t\t\t<\/div>\n\t\t\t\t<\/div>\n\t\t\t\t<\/div>\n\t\t","protected":false},"excerpt":{"rendered":"<p>Les damos la bienvenida a esta edici\u00f3n de nuestro bolet\u00edn bianual, un espacio dedicado a compartir los principales avances, iniciativas y buenas pr\u00e1cticas en el \u00e1mbito de la salud. Cada &hellip; <\/p>\n","protected":false},"author":2,"featured_media":166,"parent":0,"menu_order":0,"comment_status":"closed","ping_status":"closed","template":"","meta":{"footnotes":""},"categories":[],"tags":[],"class_list":["post-123","page","type-page","status-publish","has-post-thumbnail","hentry"],"yoast_head":"<!-- This site is optimized with the Yoast SEO plugin v25.3 - https:\/\/yoast.com\/wordpress\/plugins\/seo\/ -->\n<title>Boletines - BOLET\u00cdN UNA SALUD-UCATECI<\/title>\n<meta name=\"robots\" content=\"index, follow, max-snippet:-1, max-image-preview:large, max-video-preview:-1\" \/>\n<link rel=\"canonical\" href=\"https:\/\/www.ucateci.edu.do\/onesalud\/boletines\/\" \/>\n<meta property=\"og:locale\" content=\"es_MX\" \/>\n<meta property=\"og:type\" content=\"article\" \/>\n<meta property=\"og:title\" content=\"Boletines - BOLET\u00cdN UNA SALUD-UCATECI\" \/>\n<meta property=\"og:description\" content=\"Les damos la bienvenida a esta edici\u00f3n de nuestro bolet\u00edn bianual, un espacio dedicado a compartir los principales avances, iniciativas y buenas pr\u00e1cticas en el \u00e1mbito de la salud. Cada &hellip;\" \/>\n<meta property=\"og:url\" content=\"https:\/\/www.ucateci.edu.do\/onesalud\/boletines\/\" \/>\n<meta property=\"og:site_name\" content=\"BOLET\u00cdN UNA SALUD-UCATECI\" \/>\n<meta property=\"article:modified_time\" content=\"2025-09-02T18:14:40+00:00\" \/>\n<meta property=\"og:image\" content=\"https:\/\/www.ucateci.edu.do\/onesalud\/wp-content\/uploads\/2025\/07\/equipo-editorial-scaled.jpg\" \/>\n\t<meta property=\"og:image:width\" content=\"2560\" \/>\n\t<meta property=\"og:image:height\" content=\"323\" \/>\n\t<meta property=\"og:image:type\" content=\"image\/jpeg\" \/>\n<meta name=\"twitter:card\" content=\"summary_large_image\" \/>\n<script type=\"application\/ld+json\" class=\"yoast-schema-graph\">{\"@context\":\"https:\/\/schema.org\",\"@graph\":[{\"@type\":\"WebPage\",\"@id\":\"https:\/\/www.ucateci.edu.do\/onesalud\/boletines\/\",\"url\":\"https:\/\/www.ucateci.edu.do\/onesalud\/boletines\/\",\"name\":\"Boletines - BOLET\u00cdN UNA SALUD-UCATECI\",\"isPartOf\":{\"@id\":\"https:\/\/www.ucateci.edu.do\/onesalud\/#website\"},\"primaryImageOfPage\":{\"@id\":\"https:\/\/www.ucateci.edu.do\/onesalud\/boletines\/#primaryimage\"},\"image\":{\"@id\":\"https:\/\/www.ucateci.edu.do\/onesalud\/boletines\/#primaryimage\"},\"thumbnailUrl\":\"https:\/\/www.ucateci.edu.do\/onesalud\/wp-content\/uploads\/2025\/07\/equipo-editorial-scaled.jpg\",\"datePublished\":\"2025-06-25T20:42:50+00:00\",\"dateModified\":\"2025-09-02T18:14:40+00:00\",\"breadcrumb\":{\"@id\":\"https:\/\/www.ucateci.edu.do\/onesalud\/boletines\/#breadcrumb\"},\"inLanguage\":\"es\",\"potentialAction\":[{\"@type\":\"ReadAction\",\"target\":[\"https:\/\/www.ucateci.edu.do\/onesalud\/boletines\/\"]}]},{\"@type\":\"ImageObject\",\"inLanguage\":\"es\",\"@id\":\"https:\/\/www.ucateci.edu.do\/onesalud\/boletines\/#primaryimage\",\"url\":\"https:\/\/www.ucateci.edu.do\/onesalud\/wp-content\/uploads\/2025\/07\/equipo-editorial-scaled.jpg\",\"contentUrl\":\"https:\/\/www.ucateci.edu.do\/onesalud\/wp-content\/uploads\/2025\/07\/equipo-editorial-scaled.jpg\",\"width\":2560,\"height\":323},{\"@type\":\"BreadcrumbList\",\"@id\":\"https:\/\/www.ucateci.edu.do\/onesalud\/boletines\/#breadcrumb\",\"itemListElement\":[{\"@type\":\"ListItem\",\"position\":1,\"name\":\"Inicio\",\"item\":\"https:\/\/www.ucateci.edu.do\/onesalud\/\"},{\"@type\":\"ListItem\",\"position\":2,\"name\":\"Boletines\"}]},{\"@type\":\"WebSite\",\"@id\":\"https:\/\/www.ucateci.edu.do\/onesalud\/#website\",\"url\":\"https:\/\/www.ucateci.edu.do\/onesalud\/\",\"name\":\"BOLET\u00cdN UNA SALUD-UCATECI\",\"description\":\"\",\"potentialAction\":[{\"@type\":\"SearchAction\",\"target\":{\"@type\":\"EntryPoint\",\"urlTemplate\":\"https:\/\/www.ucateci.edu.do\/onesalud\/?s={search_term_string}\"},\"query-input\":{\"@type\":\"PropertyValueSpecification\",\"valueRequired\":true,\"valueName\":\"search_term_string\"}}],\"inLanguage\":\"es\"}]}<\/script>\n<!-- \/ Yoast SEO plugin. -->","yoast_head_json":{"title":"Boletines - BOLET\u00cdN UNA SALUD-UCATECI","robots":{"index":"index","follow":"follow","max-snippet":"max-snippet:-1","max-image-preview":"max-image-preview:large","max-video-preview":"max-video-preview:-1"},"canonical":"https:\/\/www.ucateci.edu.do\/onesalud\/boletines\/","og_locale":"es_MX","og_type":"article","og_title":"Boletines - BOLET\u00cdN UNA SALUD-UCATECI","og_description":"Les damos la bienvenida a esta edici\u00f3n de nuestro bolet\u00edn bianual, un espacio dedicado a compartir los principales avances, iniciativas y buenas pr\u00e1cticas en el \u00e1mbito de la salud. Cada &hellip;","og_url":"https:\/\/www.ucateci.edu.do\/onesalud\/boletines\/","og_site_name":"BOLET\u00cdN UNA SALUD-UCATECI","article_modified_time":"2025-09-02T18:14:40+00:00","og_image":[{"width":2560,"height":323,"url":"https:\/\/www.ucateci.edu.do\/onesalud\/wp-content\/uploads\/2025\/07\/equipo-editorial-scaled.jpg","type":"image\/jpeg"}],"twitter_card":"summary_large_image","schema":{"@context":"https:\/\/schema.org","@graph":[{"@type":"WebPage","@id":"https:\/\/www.ucateci.edu.do\/onesalud\/boletines\/","url":"https:\/\/www.ucateci.edu.do\/onesalud\/boletines\/","name":"Boletines - BOLET\u00cdN UNA SALUD-UCATECI","isPartOf":{"@id":"https:\/\/www.ucateci.edu.do\/onesalud\/#website"},"primaryImageOfPage":{"@id":"https:\/\/www.ucateci.edu.do\/onesalud\/boletines\/#primaryimage"},"image":{"@id":"https:\/\/www.ucateci.edu.do\/onesalud\/boletines\/#primaryimage"},"thumbnailUrl":"https:\/\/www.ucateci.edu.do\/onesalud\/wp-content\/uploads\/2025\/07\/equipo-editorial-scaled.jpg","datePublished":"2025-06-25T20:42:50+00:00","dateModified":"2025-09-02T18:14:40+00:00","breadcrumb":{"@id":"https:\/\/www.ucateci.edu.do\/onesalud\/boletines\/#breadcrumb"},"inLanguage":"es","potentialAction":[{"@type":"ReadAction","target":["https:\/\/www.ucateci.edu.do\/onesalud\/boletines\/"]}]},{"@type":"ImageObject","inLanguage":"es","@id":"https:\/\/www.ucateci.edu.do\/onesalud\/boletines\/#primaryimage","url":"https:\/\/www.ucateci.edu.do\/onesalud\/wp-content\/uploads\/2025\/07\/equipo-editorial-scaled.jpg","contentUrl":"https:\/\/www.ucateci.edu.do\/onesalud\/wp-content\/uploads\/2025\/07\/equipo-editorial-scaled.jpg","width":2560,"height":323},{"@type":"BreadcrumbList","@id":"https:\/\/www.ucateci.edu.do\/onesalud\/boletines\/#breadcrumb","itemListElement":[{"@type":"ListItem","position":1,"name":"Inicio","item":"https:\/\/www.ucateci.edu.do\/onesalud\/"},{"@type":"ListItem","position":2,"name":"Boletines"}]},{"@type":"WebSite","@id":"https:\/\/www.ucateci.edu.do\/onesalud\/#website","url":"https:\/\/www.ucateci.edu.do\/onesalud\/","name":"BOLET\u00cdN UNA SALUD-UCATECI","description":"","potentialAction":[{"@type":"SearchAction","target":{"@type":"EntryPoint","urlTemplate":"https:\/\/www.ucateci.edu.do\/onesalud\/?s={search_term_string}"},"query-input":{"@type":"PropertyValueSpecification","valueRequired":true,"valueName":"search_term_string"}}],"inLanguage":"es"}]}},"rttpg_featured_image_url":{"full":["https:\/\/www.ucateci.edu.do\/onesalud\/wp-content\/uploads\/2025\/07\/equipo-editorial-scaled.jpg",2560,323,false],"landscape":["https:\/\/www.ucateci.edu.do\/onesalud\/wp-content\/uploads\/2025\/07\/equipo-editorial-scaled.jpg",2560,323,false],"portraits":["https:\/\/www.ucateci.edu.do\/onesalud\/wp-content\/uploads\/2025\/07\/equipo-editorial-scaled.jpg",2560,323,false],"thumbnail":["https:\/\/www.ucateci.edu.do\/onesalud\/wp-content\/uploads\/2025\/07\/equipo-editorial-150x150.jpg",150,150,true],"medium":["https:\/\/www.ucateci.edu.do\/onesalud\/wp-content\/uploads\/2025\/07\/equipo-editorial-300x38.jpg",300,38,true],"large":["https:\/\/www.ucateci.edu.do\/onesalud\/wp-content\/uploads\/2025\/07\/equipo-editorial-1024x129.jpg",767,97,true],"1536x1536":["https:\/\/www.ucateci.edu.do\/onesalud\/wp-content\/uploads\/2025\/07\/equipo-editorial-1536x194.jpg",1536,194,true],"2048x2048":["https:\/\/www.ucateci.edu.do\/onesalud\/wp-content\/uploads\/2025\/07\/equipo-editorial-2048x259.jpg",2048,259,true],"blossom-spa-single":["https:\/\/www.ucateci.edu.do\/onesalud\/wp-content\/uploads\/2025\/07\/equipo-editorial-1920x533.jpg",1920,533,true],"blossom-spa-service":["https:\/\/www.ucateci.edu.do\/onesalud\/wp-content\/uploads\/2025\/07\/equipo-editorial-480x324.jpg",480,324,true],"blossom-spa-team":["https:\/\/www.ucateci.edu.do\/onesalud\/wp-content\/uploads\/2025\/07\/equipo-editorial-270x300.jpg",270,300,true],"blossom-spa-pagination":["https:\/\/www.ucateci.edu.do\/onesalud\/wp-content\/uploads\/2025\/07\/equipo-editorial-370x247.jpg",370,247,true],"blossom-spa-blog-list":["https:\/\/www.ucateci.edu.do\/onesalud\/wp-content\/uploads\/2025\/07\/equipo-editorial-640x480.jpg",640,480,true],"blossom-spa-blog-classic":["https:\/\/www.ucateci.edu.do\/onesalud\/wp-content\/uploads\/2025\/07\/equipo-editorial-776x517.jpg",776,517,true],"blossom-spa-blog-classic-full":["https:\/\/www.ucateci.edu.do\/onesalud\/wp-content\/uploads\/2025\/07\/equipo-editorial-1170x517.jpg",1170,517,true],"blossom-spa-related":["https:\/\/www.ucateci.edu.do\/onesalud\/wp-content\/uploads\/2025\/07\/equipo-editorial-110x83.jpg",110,83,true]},"rttpg_author":{"display_name":false,"author_link":"https:\/\/www.ucateci.edu.do\/onesalud\/author\/aperalta\/"},"rttpg_comment":0,"rttpg_category":false,"rttpg_excerpt":"Les damos la bienvenida a esta edici\u00f3n de nuestro bolet\u00edn bianual, un espacio dedicado a compartir los principales avances, iniciativas y buenas pr\u00e1cticas en el \u00e1mbito de la salud. Cada &hellip;","_links":{"self":[{"href":"https:\/\/www.ucateci.edu.do\/onesalud\/wp-json\/wp\/v2\/pages\/123","targetHints":{"allow":["GET"]}}],"collection":[{"href":"https:\/\/www.ucateci.edu.do\/onesalud\/wp-json\/wp\/v2\/pages"}],"about":[{"href":"https:\/\/www.ucateci.edu.do\/onesalud\/wp-json\/wp\/v2\/types\/page"}],"author":[{"embeddable":true,"href":"https:\/\/www.ucateci.edu.do\/onesalud\/wp-json\/wp\/v2\/users\/2"}],"replies":[{"embeddable":true,"href":"https:\/\/www.ucateci.edu.do\/onesalud\/wp-json\/wp\/v2\/comments?post=123"}],"version-history":[{"count":23,"href":"https:\/\/www.ucateci.edu.do\/onesalud\/wp-json\/wp\/v2\/pages\/123\/revisions"}],"predecessor-version":[{"id":357,"href":"https:\/\/www.ucateci.edu.do\/onesalud\/wp-json\/wp\/v2\/pages\/123\/revisions\/357"}],"wp:featuredmedia":[{"embeddable":true,"href":"https:\/\/www.ucateci.edu.do\/onesalud\/wp-json\/wp\/v2\/media\/166"}],"wp:attachment":[{"href":"https:\/\/www.ucateci.edu.do\/onesalud\/wp-json\/wp\/v2\/media?parent=123"}],"wp:term":[{"taxonomy":"category","embeddable":true,"href":"https:\/\/www.ucateci.edu.do\/onesalud\/wp-json\/wp\/v2\/categories?post=123"},{"taxonomy":"post_tag","embeddable":true,"href":"https:\/\/www.ucateci.edu.do\/onesalud\/wp-json\/wp\/v2\/tags?post=123"}],"curies":[{"name":"wp","href":"https:\/\/api.w.org\/{rel}","templated":true}]}}