{"id":77,"date":"2025-06-18T20:37:54","date_gmt":"2025-06-18T20:37:54","guid":{"rendered":"https:\/\/www.ucateci.edu.do\/onesalud\/?page_id=77"},"modified":"2025-08-20T16:22:40","modified_gmt":"2025-08-20T16:22:40","slug":"equipo-editorial","status":"publish","type":"page","link":"https:\/\/www.ucateci.edu.do\/onesalud\/equipo-editorial\/","title":{"rendered":"Equipo editorial"},"content":{"rendered":"\t\t<div data-elementor-type=\"wp-page\" data-elementor-id=\"77\" class=\"elementor elementor-77\">\n\t\t\t\t<div class=\"elementor-element elementor-element-633c9669 e-flex e-con-boxed e-con e-parent\" data-id=\"633c9669\" data-element_type=\"container\">\n\t\t\t\t\t<div class=\"e-con-inner\">\n\t\t<div class=\"elementor-element elementor-element-6267238 e-con-full e-flex e-con e-child\" data-id=\"6267238\" data-element_type=\"container\">\n\t\t\t\t<\/div>\n\t\t\t\t<div class=\"elementor-element elementor-element-425535e1 elementor-widget elementor-widget-text-editor\" data-id=\"425535e1\" data-element_type=\"widget\" data-widget_type=\"text-editor.default\">\n\t\t\t\t<div class=\"elementor-widget-container\">\n\t\t\t\t\t\t\t\t\t<div class=\"wp-block-media-text is-stacked-on-mobile\" style=\"grid-template-columns: 21% auto;\">\n<figure class=\"wp-block-media-text__media\"><\/figure>\n<div class=\"wp-block-media-text__content\">\n<p><\/p>\n<p style=\"font-size: 30px; line-height: 0;\"><strong>\u00a0<\/strong><strong><img fetchpriority=\"high\" decoding=\"async\" class=\"alignnone size-medium wp-image-69\" src=\"https:\/\/www.ucateci.edu.do\/onesalud\/wp-content\/uploads\/2025\/06\/Helena-Chapman-300x300.jpg\" alt=\"\" width=\"300\" height=\"300\" srcset=\"https:\/\/www.ucateci.edu.do\/onesalud\/wp-content\/uploads\/2025\/06\/Helena-Chapman-300x300.jpg 300w, https:\/\/www.ucateci.edu.do\/onesalud\/wp-content\/uploads\/2025\/06\/Helena-Chapman-1024x1024.jpg 1024w, https:\/\/www.ucateci.edu.do\/onesalud\/wp-content\/uploads\/2025\/06\/Helena-Chapman-150x150.jpg 150w, https:\/\/www.ucateci.edu.do\/onesalud\/wp-content\/uploads\/2025\/06\/Helena-Chapman-768x768.jpg 768w, https:\/\/www.ucateci.edu.do\/onesalud\/wp-content\/uploads\/2025\/06\/Helena-Chapman.jpg 1500w\" sizes=\"(max-width: 300px) 100vw, 300px\" \/><\/strong><\/p>\n<p style=\"font-size: 30px; line-height: 0;\"><strong>\u00a0<\/strong><\/p>\n<p style=\"font-size: 30px; line-height: 0;\"><strong>Dra. Helena<\/strong> <strong>Chapman<\/strong><\/p>\n<p><\/p>\n<p><\/p>\n<p>Docente<\/p>\n<p><a href=\"mailto:hchapman@ucateci.edu.do\">hchapman@ucateci.edu.do<\/a><\/p>\n<p>La doctora Chapman es profesional de la medicina (MD), maestra en salud p\u00fablica (epidemiolog\u00eda) (MPH), y especializado en salud ambiental (Una Salud) (PhD). Es profesora adjunta de la materia de Una Salud en la maestr\u00eda en salud p\u00fablica en el Postgrado de la Universidad Cat\u00f3lica del Cibao (UCATECI) y en el Instituto de Milken de la Universidad de George Washington. Ha realizado pasant\u00edas post-grados en los Centros de Diagn\u00f3stico y Medicina Avanzada y de Conferencias M\u00e9dicas y Telemedicina (CEDIMAT), el Instituto de Medicina Tropical \u201cPedro Kour\u00ed\u201d (tuberculosis), las Academias Nacionales de Ciencias, Ingeniera y Medicina (salud de veteranos militares) y la Asociaci\u00f3n Americana para el Avance de la Ciencia (observaciones de la Tierra). Adem\u00e1s, tiene la posici\u00f3n de gerente asociada del programa (Booz Allen Hamilton) en el departamento de Salud y Calidad del Aire del Programa de Acci\u00f3n Terrestre de la NASA. Forma parte del equipo de liderazgo de la Iniciativa de Una Salud y es miembro fundadora de la Organizaci\u00f3n Dominicana de Estudiantes de Medicina (ODEM). Sigue activa en la diseminaci\u00f3n de art\u00edculos cient\u00edficos sobre Una Salud, transmisi\u00f3n de enfermedades infecciosas y educaci\u00f3n m\u00e9dica, como editora de la revista oficial de la Asociaci\u00f3n M\u00e9dica Mundial (World Medical Journal) y editora asociada de los Boletines de Una Salud de UCATECI, Asociaci\u00f3n Americana de Salud P\u00fablica (APHA) y Universidad del Estado de Kansas.<\/p>\n<p>\u00a0<\/p>\n<p><img decoding=\"async\" class=\"alignnone wp-image-71\" src=\"https:\/\/www.ucateci.edu.do\/onesalud\/wp-content\/uploads\/2025\/06\/Bienvenido-Veras-1-248x300.jpg\" alt=\"\" width=\"268\" height=\"324\" srcset=\"https:\/\/www.ucateci.edu.do\/onesalud\/wp-content\/uploads\/2025\/06\/Bienvenido-Veras-1-248x300.jpg 248w, https:\/\/www.ucateci.edu.do\/onesalud\/wp-content\/uploads\/2025\/06\/Bienvenido-Veras-1.jpg 700w\" sizes=\"(max-width: 268px) 100vw, 268px\" \/><\/p>\n<p><\/p>\n<p><\/p>\n<p><\/p>\n<\/div>\n<\/div>\n<p><!-- \/wp:media-text --><\/p>\n<p><!-- wp:paragraph --><\/p>\n<p><!-- \/wp:paragraph --><\/p>\n<p><!-- wp:media-text {\"mediaId\":71,\"mediaLink\":\"https:\/\/www.ucateci.edu.do\/onesalud\/2025\/06\/16\/prueba-de-una-salud\/bienvenido-veras-2\/\",\"mediaType\":\"image\",\"mediaWidth\":21} --><\/p>\n<div class=\"wp-block-media-text is-stacked-on-mobile\" style=\"grid-template-columns: 21% auto;\">\n<figure class=\"wp-block-media-text__media\"><\/figure>\n<div class=\"wp-block-media-text__content\">\n<p style=\"font-size: 30px; line-height: 0;\"><strong>Dr. Bienvenido<\/strong> <strong>Veras Est\u00e9vez<\/strong><\/p>\n<p>Docente<\/p>\n<p><a href=\"mailto:bienvenido.veras@ucateci.edu.do\">bienvenido.veras@ucateci.edu.do<\/a><\/p>\n<p>El Dr. Veras es profesional de la medicina (MD), maestro en salud p\u00fablica (MPH), epidemiologia de campo (FETP) psicolog\u00eda cl\u00ednica (MPc) y administraci\u00f3n (MBA), especializado en administraci\u00f3n y gerencia de servicios de salud dominicano con experiencia en el campo de la Salud P\u00fablica y la Gerencia de Servicios de Salud. Ha contribuido a la creaci\u00f3n de capacidades en el \u00e1rea de epidemiolog\u00eda y salud p\u00fablica en el \u00e1mbito nacional e internacional trav\u00e9s de la docencia a nivel de grado y post grado en universidades locales como como internacionales. Ha sido tutor de cohortes de estudiantes del Programa de Epidemiolog\u00eda de Campo (FETP). Tiene experiencia de trabajo en el Ministerio de Salud (Hospital Jos\u00e9 Mar\u00eda Cabral y B\u00e1ez, Direcci\u00f3n Provincial de Salud de Santiago), Organismos internacionales (OPS), Agencias de Cooperaci\u00f3n (Clinton Fundation) e Instituciones Acad\u00e9micas nacionales e internacionales (Clenson University) . Ha publicado art\u00edculos y otros documentos cient\u00edficos. En el campo de la investigaci\u00f3n, ha asumido roles de consultor, asesor, supervisor, investigador principal o coinvestigador en estudios tanto de corte cuantitativo como cualitativo. Se desempe\u00f1a como miembro de Diversos comit\u00e9s del Hospitalarios, adem\u00e1s de ser Decano de la Facultad de Ciencias de la Salud de UCATECI y Coordinador de la Maestr\u00eda en Salud P\u00fablica con \u00c9nfasis en Epidemiologia de UCATECI. Es miembro titular de la Carrera de Investigaci\u00f3n del Ministerio de Educaci\u00f3n Superior Ciencia y Tecnolog\u00eda (MESCyT) y miembro de n\u00famero de la Academia Dominicana de Medicina.<\/p>\n<\/div>\n<\/div>\n<p><!-- \/wp:media-text --><\/p>\t\t\t\t\t\t\t\t<\/div>\n\t\t\t\t<\/div>\n\t\t\t\t\t<\/div>\n\t\t\t\t<\/div>\n\t\t\t\t<\/div>\n\t\t","protected":false},"excerpt":{"rendered":"<p>\u00a0 \u00a0 Dra. Helena Chapman Docente hchapman@ucateci.edu.do La doctora Chapman es profesional de la medicina (MD), maestra en salud p\u00fablica (epidemiolog\u00eda) (MPH), y especializado en salud ambiental (Una Salud) (PhD). &hellip; <\/p>\n","protected":false},"author":2,"featured_media":166,"parent":0,"menu_order":0,"comment_status":"closed","ping_status":"closed","template":"","meta":{"footnotes":""},"categories":[],"tags":[],"class_list":["post-77","page","type-page","status-publish","has-post-thumbnail","hentry"],"yoast_head":"<!-- This site is optimized with the Yoast SEO plugin v25.3 - https:\/\/yoast.com\/wordpress\/plugins\/seo\/ -->\n<title>Equipo editorial - BOLET\u00cdN UNA SALUD-UCATECI<\/title>\n<meta name=\"robots\" content=\"index, follow, max-snippet:-1, max-image-preview:large, max-video-preview:-1\" \/>\n<link rel=\"canonical\" href=\"https:\/\/www.ucateci.edu.do\/onesalud\/equipo-editorial\/\" \/>\n<meta property=\"og:locale\" content=\"es_MX\" \/>\n<meta property=\"og:type\" content=\"article\" \/>\n<meta property=\"og:title\" content=\"Equipo editorial - BOLET\u00cdN UNA SALUD-UCATECI\" \/>\n<meta property=\"og:description\" content=\"\u00a0 \u00a0 Dra. Helena Chapman Docente hchapman@ucateci.edu.do La doctora Chapman es profesional de la medicina (MD), maestra en salud p\u00fablica (epidemiolog\u00eda) (MPH), y especializado en salud ambiental (Una Salud) (PhD). &hellip;\" \/>\n<meta property=\"og:url\" content=\"https:\/\/www.ucateci.edu.do\/onesalud\/equipo-editorial\/\" \/>\n<meta property=\"og:site_name\" content=\"BOLET\u00cdN UNA SALUD-UCATECI\" \/>\n<meta property=\"article:modified_time\" content=\"2025-08-20T16:22:40+00:00\" \/>\n<meta property=\"og:image\" content=\"https:\/\/www.ucateci.edu.do\/onesalud\/wp-content\/uploads\/2025\/07\/equipo-editorial-scaled.jpg\" \/>\n\t<meta property=\"og:image:width\" content=\"2560\" \/>\n\t<meta property=\"og:image:height\" content=\"323\" \/>\n\t<meta property=\"og:image:type\" content=\"image\/jpeg\" \/>\n<meta name=\"twitter:card\" content=\"summary_large_image\" \/>\n<meta name=\"twitter:label1\" content=\"Tiempo de lectura\" \/>\n\t<meta name=\"twitter:data1\" content=\"3 minutos\" \/>\n<script type=\"application\/ld+json\" class=\"yoast-schema-graph\">{\"@context\":\"https:\/\/schema.org\",\"@graph\":[{\"@type\":\"WebPage\",\"@id\":\"https:\/\/www.ucateci.edu.do\/onesalud\/equipo-editorial\/\",\"url\":\"https:\/\/www.ucateci.edu.do\/onesalud\/equipo-editorial\/\",\"name\":\"Equipo editorial - BOLET\u00cdN UNA SALUD-UCATECI\",\"isPartOf\":{\"@id\":\"https:\/\/www.ucateci.edu.do\/onesalud\/#website\"},\"primaryImageOfPage\":{\"@id\":\"https:\/\/www.ucateci.edu.do\/onesalud\/equipo-editorial\/#primaryimage\"},\"image\":{\"@id\":\"https:\/\/www.ucateci.edu.do\/onesalud\/equipo-editorial\/#primaryimage\"},\"thumbnailUrl\":\"https:\/\/www.ucateci.edu.do\/onesalud\/wp-content\/uploads\/2025\/07\/equipo-editorial-scaled.jpg\",\"datePublished\":\"2025-06-18T20:37:54+00:00\",\"dateModified\":\"2025-08-20T16:22:40+00:00\",\"breadcrumb\":{\"@id\":\"https:\/\/www.ucateci.edu.do\/onesalud\/equipo-editorial\/#breadcrumb\"},\"inLanguage\":\"es\",\"potentialAction\":[{\"@type\":\"ReadAction\",\"target\":[\"https:\/\/www.ucateci.edu.do\/onesalud\/equipo-editorial\/\"]}]},{\"@type\":\"ImageObject\",\"inLanguage\":\"es\",\"@id\":\"https:\/\/www.ucateci.edu.do\/onesalud\/equipo-editorial\/#primaryimage\",\"url\":\"https:\/\/www.ucateci.edu.do\/onesalud\/wp-content\/uploads\/2025\/07\/equipo-editorial-scaled.jpg\",\"contentUrl\":\"https:\/\/www.ucateci.edu.do\/onesalud\/wp-content\/uploads\/2025\/07\/equipo-editorial-scaled.jpg\",\"width\":2560,\"height\":323},{\"@type\":\"BreadcrumbList\",\"@id\":\"https:\/\/www.ucateci.edu.do\/onesalud\/equipo-editorial\/#breadcrumb\",\"itemListElement\":[{\"@type\":\"ListItem\",\"position\":1,\"name\":\"Inicio\",\"item\":\"https:\/\/www.ucateci.edu.do\/onesalud\/\"},{\"@type\":\"ListItem\",\"position\":2,\"name\":\"Equipo editorial\"}]},{\"@type\":\"WebSite\",\"@id\":\"https:\/\/www.ucateci.edu.do\/onesalud\/#website\",\"url\":\"https:\/\/www.ucateci.edu.do\/onesalud\/\",\"name\":\"BOLET\u00cdN UNA SALUD-UCATECI\",\"description\":\"\",\"potentialAction\":[{\"@type\":\"SearchAction\",\"target\":{\"@type\":\"EntryPoint\",\"urlTemplate\":\"https:\/\/www.ucateci.edu.do\/onesalud\/?s={search_term_string}\"},\"query-input\":{\"@type\":\"PropertyValueSpecification\",\"valueRequired\":true,\"valueName\":\"search_term_string\"}}],\"inLanguage\":\"es\"}]}<\/script>\n<!-- \/ Yoast SEO plugin. -->","yoast_head_json":{"title":"Equipo editorial - BOLET\u00cdN UNA SALUD-UCATECI","robots":{"index":"index","follow":"follow","max-snippet":"max-snippet:-1","max-image-preview":"max-image-preview:large","max-video-preview":"max-video-preview:-1"},"canonical":"https:\/\/www.ucateci.edu.do\/onesalud\/equipo-editorial\/","og_locale":"es_MX","og_type":"article","og_title":"Equipo editorial - BOLET\u00cdN UNA SALUD-UCATECI","og_description":"\u00a0 \u00a0 Dra. Helena Chapman Docente hchapman@ucateci.edu.do La doctora Chapman es profesional de la medicina (MD), maestra en salud p\u00fablica (epidemiolog\u00eda) (MPH), y especializado en salud ambiental (Una Salud) (PhD). &hellip;","og_url":"https:\/\/www.ucateci.edu.do\/onesalud\/equipo-editorial\/","og_site_name":"BOLET\u00cdN UNA SALUD-UCATECI","article_modified_time":"2025-08-20T16:22:40+00:00","og_image":[{"width":2560,"height":323,"url":"https:\/\/www.ucateci.edu.do\/onesalud\/wp-content\/uploads\/2025\/07\/equipo-editorial-scaled.jpg","type":"image\/jpeg"}],"twitter_card":"summary_large_image","twitter_misc":{"Tiempo de lectura":"3 minutos"},"schema":{"@context":"https:\/\/schema.org","@graph":[{"@type":"WebPage","@id":"https:\/\/www.ucateci.edu.do\/onesalud\/equipo-editorial\/","url":"https:\/\/www.ucateci.edu.do\/onesalud\/equipo-editorial\/","name":"Equipo editorial - BOLET\u00cdN UNA SALUD-UCATECI","isPartOf":{"@id":"https:\/\/www.ucateci.edu.do\/onesalud\/#website"},"primaryImageOfPage":{"@id":"https:\/\/www.ucateci.edu.do\/onesalud\/equipo-editorial\/#primaryimage"},"image":{"@id":"https:\/\/www.ucateci.edu.do\/onesalud\/equipo-editorial\/#primaryimage"},"thumbnailUrl":"https:\/\/www.ucateci.edu.do\/onesalud\/wp-content\/uploads\/2025\/07\/equipo-editorial-scaled.jpg","datePublished":"2025-06-18T20:37:54+00:00","dateModified":"2025-08-20T16:22:40+00:00","breadcrumb":{"@id":"https:\/\/www.ucateci.edu.do\/onesalud\/equipo-editorial\/#breadcrumb"},"inLanguage":"es","potentialAction":[{"@type":"ReadAction","target":["https:\/\/www.ucateci.edu.do\/onesalud\/equipo-editorial\/"]}]},{"@type":"ImageObject","inLanguage":"es","@id":"https:\/\/www.ucateci.edu.do\/onesalud\/equipo-editorial\/#primaryimage","url":"https:\/\/www.ucateci.edu.do\/onesalud\/wp-content\/uploads\/2025\/07\/equipo-editorial-scaled.jpg","contentUrl":"https:\/\/www.ucateci.edu.do\/onesalud\/wp-content\/uploads\/2025\/07\/equipo-editorial-scaled.jpg","width":2560,"height":323},{"@type":"BreadcrumbList","@id":"https:\/\/www.ucateci.edu.do\/onesalud\/equipo-editorial\/#breadcrumb","itemListElement":[{"@type":"ListItem","position":1,"name":"Inicio","item":"https:\/\/www.ucateci.edu.do\/onesalud\/"},{"@type":"ListItem","position":2,"name":"Equipo editorial"}]},{"@type":"WebSite","@id":"https:\/\/www.ucateci.edu.do\/onesalud\/#website","url":"https:\/\/www.ucateci.edu.do\/onesalud\/","name":"BOLET\u00cdN UNA SALUD-UCATECI","description":"","potentialAction":[{"@type":"SearchAction","target":{"@type":"EntryPoint","urlTemplate":"https:\/\/www.ucateci.edu.do\/onesalud\/?s={search_term_string}"},"query-input":{"@type":"PropertyValueSpecification","valueRequired":true,"valueName":"search_term_string"}}],"inLanguage":"es"}]}},"rttpg_featured_image_url":{"full":["https:\/\/www.ucateci.edu.do\/onesalud\/wp-content\/uploads\/2025\/07\/equipo-editorial-scaled.jpg",2560,323,false],"landscape":["https:\/\/www.ucateci.edu.do\/onesalud\/wp-content\/uploads\/2025\/07\/equipo-editorial-scaled.jpg",2560,323,false],"portraits":["https:\/\/www.ucateci.edu.do\/onesalud\/wp-content\/uploads\/2025\/07\/equipo-editorial-scaled.jpg",2560,323,false],"thumbnail":["https:\/\/www.ucateci.edu.do\/onesalud\/wp-content\/uploads\/2025\/07\/equipo-editorial-150x150.jpg",150,150,true],"medium":["https:\/\/www.ucateci.edu.do\/onesalud\/wp-content\/uploads\/2025\/07\/equipo-editorial-300x38.jpg",300,38,true],"large":["https:\/\/www.ucateci.edu.do\/onesalud\/wp-content\/uploads\/2025\/07\/equipo-editorial-1024x129.jpg",767,97,true],"1536x1536":["https:\/\/www.ucateci.edu.do\/onesalud\/wp-content\/uploads\/2025\/07\/equipo-editorial-1536x194.jpg",1536,194,true],"2048x2048":["https:\/\/www.ucateci.edu.do\/onesalud\/wp-content\/uploads\/2025\/07\/equipo-editorial-2048x259.jpg",2048,259,true],"blossom-spa-single":["https:\/\/www.ucateci.edu.do\/onesalud\/wp-content\/uploads\/2025\/07\/equipo-editorial-1920x533.jpg",1920,533,true],"blossom-spa-service":["https:\/\/www.ucateci.edu.do\/onesalud\/wp-content\/uploads\/2025\/07\/equipo-editorial-480x324.jpg",480,324,true],"blossom-spa-team":["https:\/\/www.ucateci.edu.do\/onesalud\/wp-content\/uploads\/2025\/07\/equipo-editorial-270x300.jpg",270,300,true],"blossom-spa-pagination":["https:\/\/www.ucateci.edu.do\/onesalud\/wp-content\/uploads\/2025\/07\/equipo-editorial-370x247.jpg",370,247,true],"blossom-spa-blog-list":["https:\/\/www.ucateci.edu.do\/onesalud\/wp-content\/uploads\/2025\/07\/equipo-editorial-640x480.jpg",640,480,true],"blossom-spa-blog-classic":["https:\/\/www.ucateci.edu.do\/onesalud\/wp-content\/uploads\/2025\/07\/equipo-editorial-776x517.jpg",776,517,true],"blossom-spa-blog-classic-full":["https:\/\/www.ucateci.edu.do\/onesalud\/wp-content\/uploads\/2025\/07\/equipo-editorial-1170x517.jpg",1170,517,true],"blossom-spa-related":["https:\/\/www.ucateci.edu.do\/onesalud\/wp-content\/uploads\/2025\/07\/equipo-editorial-110x83.jpg",110,83,true]},"rttpg_author":{"display_name":false,"author_link":"https:\/\/www.ucateci.edu.do\/onesalud\/author\/aperalta\/"},"rttpg_comment":0,"rttpg_category":false,"rttpg_excerpt":"\u00a0 \u00a0 Dra. Helena Chapman Docente hchapman@ucateci.edu.do La doctora Chapman es profesional de la medicina (MD), maestra en salud p\u00fablica (epidemiolog\u00eda) (MPH), y especializado en salud ambiental (Una Salud) (PhD). &hellip;","_links":{"self":[{"href":"https:\/\/www.ucateci.edu.do\/onesalud\/wp-json\/wp\/v2\/pages\/77","targetHints":{"allow":["GET"]}}],"collection":[{"href":"https:\/\/www.ucateci.edu.do\/onesalud\/wp-json\/wp\/v2\/pages"}],"about":[{"href":"https:\/\/www.ucateci.edu.do\/onesalud\/wp-json\/wp\/v2\/types\/page"}],"author":[{"embeddable":true,"href":"https:\/\/www.ucateci.edu.do\/onesalud\/wp-json\/wp\/v2\/users\/2"}],"replies":[{"embeddable":true,"href":"https:\/\/www.ucateci.edu.do\/onesalud\/wp-json\/wp\/v2\/comments?post=77"}],"version-history":[{"count":16,"href":"https:\/\/www.ucateci.edu.do\/onesalud\/wp-json\/wp\/v2\/pages\/77\/revisions"}],"predecessor-version":[{"id":256,"href":"https:\/\/www.ucateci.edu.do\/onesalud\/wp-json\/wp\/v2\/pages\/77\/revisions\/256"}],"wp:featuredmedia":[{"embeddable":true,"href":"https:\/\/www.ucateci.edu.do\/onesalud\/wp-json\/wp\/v2\/media\/166"}],"wp:attachment":[{"href":"https:\/\/www.ucateci.edu.do\/onesalud\/wp-json\/wp\/v2\/media?parent=77"}],"wp:term":[{"taxonomy":"category","embeddable":true,"href":"https:\/\/www.ucateci.edu.do\/onesalud\/wp-json\/wp\/v2\/categories?post=77"},{"taxonomy":"post_tag","embeddable":true,"href":"https:\/\/www.ucateci.edu.do\/onesalud\/wp-json\/wp\/v2\/tags?post=77"}],"curies":[{"name":"wp","href":"https:\/\/api.w.org\/{rel}","templated":true}]}}